{"id":168,"date":"2016-01-31T14:21:11","date_gmt":"2016-01-31T14:21:11","guid":{"rendered":"http:\/\/www.likeapartments.com\/it\/booking-terms\/"},"modified":"2016-10-04T11:41:59","modified_gmt":"2016-10-04T11:41:59","slug":"condizioni-generali","status":"publish","type":"page","link":"http:\/\/www.likeapartments.com\/it\/condizioni-generali\/","title":{"rendered":"Condizioni Generali"},"content":{"rendered":"<p>[vc_row][vc_column]<div class=\"ult-spacer spacer-69f0216ea01fc\" data-id=\"69f0216ea01fc\" data-height=\"10\" data-height-mobile=\"10\" data-height-tab=\"10\" data-height-tab-portrait=\"\" data-height-mobile-landscape=\"\" style=\"clear:both;display:block;\"><\/div><div id=\"ultimate-heading-555169f0216ea0292\" class=\"uvc-heading ult-adjust-bottom-margin ultimate-heading-555169f0216ea0292 uvc-1221 \" data-hspacer=\"line_only\"  data-halign=\"left\" style=\"text-align:left\"><div class=\"uvc-main-heading ult-responsive\"  data-ultimate-target='.uvc-heading.ultimate-heading-555169f0216ea0292 h2'  data-responsive-json-new='{\"font-size\":\"desktop:23px;\",\"line-height\":\"\"}' ><h2 style=\"font-weight:normal;color:#3f3f3e;\">Condizioni Generali<\/h2><\/div><div class=\"uvc-heading-spacer line_only\" style=\"topheight:1px;\"><span class=\"uvc-headings-line\" style=\"border-style:solid;border-bottom-width:1px;border-color:#e63329;width:250px;\"><\/span><\/div><\/div><div class=\"ult-spacer spacer-69f0216ea030e\" data-id=\"69f0216ea030e\" data-height=\"10\" data-height-mobile=\"10\" data-height-tab=\"10\" data-height-tab-portrait=\"\" data-height-mobile-landscape=\"\" style=\"clear:both;display:block;\"><\/div>[vc_column_text]<\/p>\n<p style=\"text-align: justify;\">Prima di entrare nella propiet\u00e0, il locatario verser\u00e0 una cauzione pari a 200 Euro, in base a quanto stipulato nell&#8217;articolo 36 della LAU.<br \/>\nIl locatario si impegna a conservare l&#8217;alloggio in perfetto stato per tutta la durata della locazione, liberamente stabilita tra entrambe le parti.<\/p>\n<div id=\"titulo\"><label>MODIFICHE DA PARTE DELLA SOCIETA\u2019<\/label><\/div>\n<div id=\"paso\"><label>In caso di imprevisti o cause non imputabili alla societ\u00e0, l\u2019alloggio non potesse essere occupato, la Societ\u00e0 metter\u00e0 a disposizione del cliente un altro alloggio con caratteristiche uguali o superiori senza alcun rimborso a carico delle parti.\u00a0Se questo non \u00e8 possibile, l&#8217;agenzia rimborser\u00e0 il totale.<\/label><\/div>\n<div><\/div>\n<p style=\"text-align: justify;\">Il check-ineffetuato dopo le ore 20:00 ha un costo supplementare di 30 \u20ac.<\/p>\n<p style=\"text-align: justify;\">Il locatario devono rispettare pienamente la sicurezza dell&#8217;appartamento. \u00c9 necesario chiudere la porta con lac hiave di sicureza. Nessun oggetto di valore o denaro deve rimanere incustodito all&#8217;interno dell&#8217;appartamento. La direzione non assume nessuna resonsabilit\u00e1.<br \/>\nIl locatario non potr\u00e0 svolgere nell&#8217;alloggio attivit\u00e0 fastidiose, malsane, nocive, pericolose, ilecite o contrarie agle statuti della comunit\u00e0. Inoltre, non potr\u00e0 immagazinare nell&#8217;alloggio materiali infiammabili, esplosivi, corrosivi, inoltre, non potr\u00e0 svolgere all&#8217;interno dello stesso attivit\u00e0 mercantili o industriali.<\/p>\n<p style=\"text-align: justify;\">Locatario sar\u00e0 direttamente ed exclusivamente responsabile e solleva il propietario da qualsiasi responsabilit\u00e0 per quanto riguarda:<br \/>\n(I) Danni causati a persone o cose e sono derivati del cattivo uso degli allggi.<br \/>\n(II) Dei danni, deterioramenti o perdite che si verificano in casa.<br \/>\n(IlI) Uso improprio di strutture comune della casa (garaje, piscine, ecc.. ). Il locatario non potr\u00e0 realizzare lavori, n\u00e9 introdurre alcuna modifica senza il permesso scritto del propietario. Non potr\u00e0 in nessun trapanare o realizzare fori nelle pareti.<\/p>\n<p style=\"text-align: justify;\">Il locatario si impegna a mantenere l&#8217;alloggio in buon stato abitabili, e riparare eventuali incidente che possono derivare dall&#8217;uso di routine degli alloggi, di propia iniciativa o fornendo inquilini i mezi per riparari questi incidente. Non \u00e9 considerata come la responsabilit\u00e0 del locatore per la perdita o la negligenza del locatario nell&#8217;adempimento dei loro obblighi<\/p>\n<p style=\"text-align: justify;\">In casi di disordini in l&#8217;appartamento, LIKE APARTMENTS \u00e9 riquiesta dai propietari per gli eventuali disagi causati, il contratto sar\u00e0 risolto autom\u00e1ticamente, e l&#8217;inquilino debe lasciare l&#8217;appartamento nelle stesse codizioni in cui trovarono, e di perder\u00e9 il reddito totale pagata in affito, pi\u00f9 la cauzione. Il non abbandono dall&#8217;inquilino dell&#8217;appartametno, si tradurr\u00e0 in opportune azioni giudiziarie.<\/p>\n<p>[\/vc_column_text][\/vc_column][\/vc_row]<\/p>\n","protected":false},"excerpt":{"rendered":"<p>[vc_row][vc_column][vc_column_text] Prima di entrare nella propiet\u00e0, il locatario verser\u00e0 una cauzione pari a 200 Euro, in base a quanto stipulato nell&#8217;articolo 36 della LAU. Il locatario si impegna a conservare l&#8217;alloggio in perfetto stato per tutta la durata della locazione, liberamente stabilita tra entrambe le parti. MODIFICHE DA PARTE DELLA SOCIETA\u2019 In caso di imprevisti&hellip;<\/p>\n","protected":false},"author":1,"featured_media":0,"parent":0,"menu_order":0,"comment_status":"closed","ping_status":"closed","template":"template-pages.php","meta":[],"_links":{"self":[{"href":"http:\/\/www.likeapartments.com\/it\/wp-json\/wp\/v2\/pages\/168"}],"collection":[{"href":"http:\/\/www.likeapartments.com\/it\/wp-json\/wp\/v2\/pages"}],"about":[{"href":"http:\/\/www.likeapartments.com\/it\/wp-json\/wp\/v2\/types\/page"}],"author":[{"embeddable":true,"href":"http:\/\/www.likeapartments.com\/it\/wp-json\/wp\/v2\/users\/1"}],"replies":[{"embeddable":true,"href":"http:\/\/www.likeapartments.com\/it\/wp-json\/wp\/v2\/comments?post=168"}],"version-history":[{"count":7,"href":"http:\/\/www.likeapartments.com\/it\/wp-json\/wp\/v2\/pages\/168\/revisions"}],"predecessor-version":[{"id":613,"href":"http:\/\/www.likeapartments.com\/it\/wp-json\/wp\/v2\/pages\/168\/revisions\/613"}],"wp:attachment":[{"href":"http:\/\/www.likeapartments.com\/it\/wp-json\/wp\/v2\/media?parent=168"}],"curies":[{"name":"wp","href":"https:\/\/api.w.org\/{rel}","templated":true}]}}